{"id":39,"date":"2017-06-29T09:31:19","date_gmt":"2017-06-29T07:31:19","guid":{"rendered":"https:\/\/websites.fraunhofer.de\/klimacent\/?page_id=39"},"modified":"2018-10-24T12:58:05","modified_gmt":"2018-10-24T10:58:05","slug":"startseite","status":"publish","type":"page","link":"https:\/\/klimacent.de\/","title":{"rendered":"Startseite"},"content":{"rendered":"<p>[et_pb_section fb_built=&#8220;1&#8243; fullwidth=&#8220;on&#8220; admin_label=&#8220;Titelbilder&#8220; _builder_version=&#8220;3.0.89&#8243; background_image=&#8220;https:\/\/klimacent.de\/wp-content\/uploads\/2017\/06\/Titelbild1.jpg&#8220; parallax=&#8220;on&#8220;][et_pb_fullwidth_slider admin_label=&#8220;Fullwidth Slider&#8220; _builder_version=&#8220;3.0.89&#8243; custom_padding=&#8220;|||&#8220; custom_padding_tablet=&#8220;|||&#8220; custom_padding_phone=&#8220;|||&#8220;][et_pb_slide heading=&#8220;Verbundprojekt&#8220; button_text=&#8220;Das Projekt&#8220; button_link=&#8220;\/\/websites.fraunhofer.de\/klimacent\/index.php\/projektdesign\/&#8220; image=&#8220;\/\/websites.fraunhofer.de\/klimacent\/wp-content\/uploads\/2017\/06\/logo-klimacent-RGB.png&#8220; use_bg_overlay=&#8220;off&#8220; use_text_overlay=&#8220;off&#8220; _builder_version=&#8220;3.0.47&#8243; header_font=&#8220;||||&#8220; body_font=&#8220;||||&#8220; background_image=&#8220;https:\/\/klimacent.de\/wp-content\/uploads\/2017\/10\/solar-972181_1920-1.jpg&#8220; parallax=&#8220;on&#8220; parallax_method=&#8220;off&#8220; custom_button=&#8220;off&#8220; button_icon_placement=&#8220;right&#8220; button_on_hover=&#8220;on&#8220;]<strong>Etablierung eines branchenad\u00e4quaten Finanzierungsinstruments zur Erreichung von messbaren Treibhausgas\u00adreduzierungen in der nationalen Tourismusindustrie<\/strong><br \/>\n[\/et_pb_slide][et_pb_slide heading=&#8220;Verbundprojekt&#8220; button_text=&#8220;Nachhaltigkeit&#8220; button_link=&#8220;\/\/websites.fraunhofer.de\/klimacent\/index.php\/nachhaltigkeit\/&#8220; image=&#8220;\/\/websites.fraunhofer.de\/klimacent\/wp-content\/uploads\/2017\/06\/logo-klimacent-RGB.png&#8220; use_bg_overlay=&#8220;off&#8220; use_text_overlay=&#8220;off&#8220; _builder_version=&#8220;3.0.53&#8243; header_font=&#8220;||||&#8220; body_font=&#8220;||||&#8220; background_image=&#8220;https:\/\/klimacent.de\/wp-content\/uploads\/2017\/10\/sheep-57735_1920-1.jpg&#8220; background_position=&#8220;bottom_center&#8220; button_icon_placement=&#8220;right&#8220; button_on_hover=&#8220;on&#8220;]<strong>Etablierung eines branchenad\u00e4quaten Finanzierungsinstruments zur Erreichung von messbaren Treibhausgas\u00adreduzierungen in der nationalen Tourismusindustrie<\/strong><br \/>\n[\/et_pb_slide][et_pb_slide heading=&#8220;Verbundprojekt&#8220; button_text=&#8220;Modellregionen&#8220; button_link=&#8220;\/\/websites.fraunhofer.de\/klimacent\/index.php\/modellregionen\/&#8220; image=&#8220;\/\/websites.fraunhofer.de\/klimacent\/wp-content\/uploads\/2017\/06\/logo-klimacent-RGB.png&#8220; use_bg_overlay=&#8220;off&#8220; use_text_overlay=&#8220;off&#8220; _builder_version=&#8220;3.0.53&#8243; header_font=&#8220;||||&#8220; body_font=&#8220;||||&#8220; background_image=&#8220;https:\/\/klimacent.de\/wp-content\/uploads\/2017\/10\/zugspitze-2264086_1920.jpg&#8220; button_icon_placement=&#8220;right&#8220; button_on_hover=&#8220;on&#8220;]<strong>Etablierung eines branchenad\u00e4quaten Finanzierungsinstruments zur Erreichung von messbaren Treibhausgas\u00adreduzierungen in der nationalen Tourismusindustrie<\/strong><br \/>\n[\/et_pb_slide][\/et_pb_fullwidth_slider][\/et_pb_section][et_pb_section fb_built=&#8220;1&#8243; specialty=&#8220;on&#8220; _builder_version=&#8220;3.0.89&#8243; custom_padding=&#8220;54px|0px|0px|0px&#8220;][et_pb_column type=&#8220;2_3&#8243; specialty_columns=&#8220;2&#8243; _builder_version=&#8220;3.0.47&#8243; parallax=&#8220;off&#8220; parallax_method=&#8220;on&#8220;][et_pb_row_inner custom_padding=&#8220;29.6833px|0px|0px|0px&#8220; background_color=&#8220;rgba(160,160,160,0)&#8220; _builder_version=&#8220;3.0.89&#8243;][et_pb_column_inner type=&#8220;1_2&#8243; saved_specialty_column_type=&#8220;2_3&#8243; _builder_version=&#8220;3.0.47&#8243; box_shadow_position=&#8220;outer&#8220; parallax=&#8220;off&#8220; parallax_method=&#8220;on&#8220;][et_pb_text _builder_version=&#8220;3.0.98&#8243; background_size=&#8220;initial&#8220; background_position=&#8220;top_left&#8220; background_repeat=&#8220;repeat&#8220;]<\/p>\n<h2 style=\"text-align: center;\">Die Herausforderung<\/h2>\n<p style=\"text-align: center;\">Es existieren bereits zahlreiche Bilanzierungs- und Kompensationsverfahren f\u00fcr Treibhausgase und mehrere teilweise konkurrierende Standards und Label. Nur vereinzelt bieten Dienstleister an, Projekte in Deutschland zu realisieren. Es fehlen branchenkonforme L\u00f6sungen, die eine entsprechende Zahlungsbereitschaft generieren k\u00f6nnten.<\/p>\n<p>[\/et_pb_text][et_pb_divider disabled_on=&#8220;on|on|off&#8220; _builder_version=&#8220;3.0.98&#8243; custom_margin_last_edited=&#8220;off|desktop&#8220;]\u00a0<br \/>\n[\/et_pb_divider][\/et_pb_column_inner][et_pb_column_inner type=&#8220;1_2&#8243; saved_specialty_column_type=&#8220;2_3&#8243; _builder_version=&#8220;3.0.47&#8243; box_shadow_position=&#8220;outer&#8220; parallax=&#8220;off&#8220; parallax_method=&#8220;on&#8220;][et_pb_text _builder_version=&#8220;3.0.53&#8243; background_size=&#8220;initial&#8220; background_position=&#8220;top_left&#8220; background_repeat=&#8220;repeat&#8220; custom_margin=&#8220;|||&#8220; custom_padding=&#8220;|||&#8220;]<\/p>\n<h2 style=\"text-align: center;\">Die L\u00f6sung<\/h2>\n<p style=\"text-align: center;\">Im Rahmen von \u00bbKlimaCent\u00ab werden Treibhausgasminderungsziele und deren Wirkungskette passgenau f\u00fcr die einzelnen Leistungstr\u00e4ger der Tourismusbranche sichtbar gemacht und konkrete Umsetzungsma\u00dfnahmen, die zu einer messbaren Minderung von Treibhausgasen f\u00fchren, identifiziert. Ein Finanzierungsmodell in Form eines Beitragsfonds wird entwickelt.<\/p>\n<p>[\/et_pb_text][et_pb_divider disabled_on=&#8220;on|on|off&#8220; _builder_version=&#8220;3.0.89&#8243;]\u00a0<br \/>\n[\/et_pb_divider][\/et_pb_column_inner][\/et_pb_row_inner][et_pb_row_inner custom_padding=&#8220;35px|0px|0px|0px&#8220; _builder_version=&#8220;3.0.89&#8243;][et_pb_column_inner type=&#8220;1_2&#8243; saved_specialty_column_type=&#8220;2_3&#8243; _builder_version=&#8220;3.0.47&#8243; box_shadow_position=&#8220;outer&#8220; parallax=&#8220;off&#8220; parallax_method=&#8220;on&#8220;][et_pb_cta title=&#8220;Das Projekt&#8220; button_url=&#8220;https:\/\/klimacent.de\/index.php\/projektdesign\/&#8220; button_text=&#8220;mehr lesen&#8220; use_background_color=&#8220;off&#8220; background_layout=&#8220;light&#8220; admin_label=&#8220;Call To Action&#8220; _builder_version=&#8220;3.0.98&#8243; background_size=&#8220;initial&#8220; background_position=&#8220;top_left&#8220; background_repeat=&#8220;repeat&#8220; text_orientation=&#8220;left&#8220; custom_margin=&#8220;|||&#8220; custom_padding=&#8220;|||&#8220; button_alignment=&#8220;center&#8220;]Erfahren Sie in der Projektbeschreibung mehr zu Inhalten, Zielen und Meilensteinen.<br \/>\n[\/et_pb_cta][\/et_pb_column_inner][et_pb_column_inner type=&#8220;1_2&#8243; saved_specialty_column_type=&#8220;2_3&#8243; _builder_version=&#8220;3.0.47&#8243; box_shadow_position=&#8220;outer&#8220; parallax=&#8220;off&#8220; parallax_method=&#8220;on&#8220;][et_pb_image src=&#8220;\/\/websites.fraunhofer.de\/klimacent\/wp-content\/uploads\/2017\/06\/colors-248540_1920.jpg&#8220; admin_label=&#8220;Image&#8220; _builder_version=&#8220;3.0.89&#8243; max_width_tablet=&#8220;50%&#8220; max_width_last_edited=&#8220;on|desktop&#8220; animation_style=&#8220;slide&#8220; animation_direction=&#8220;left&#8220; animation_duration=&#8220;500ms&#8220; animation_intensity_slide=&#8220;10%&#8220;]\u00a0<br \/>\n[\/et_pb_image][\/et_pb_column_inner][\/et_pb_row_inner][et_pb_row_inner custom_padding=&#8220;29.6833px|0px|0px|0px&#8220; _builder_version=&#8220;3.0.53&#8243;][et_pb_column_inner type=&#8220;1_2&#8243; saved_specialty_column_type=&#8220;2_3&#8243; _builder_version=&#8220;3.0.47&#8243; box_shadow_position=&#8220;outer&#8220; parallax=&#8220;off&#8220; parallax_method=&#8220;on&#8220;][et_pb_image src=&#8220;\/\/websites.fraunhofer.de\/klimacent\/wp-content\/uploads\/2017\/06\/mountain-elm-231841_1920.jpg&#8220; admin_label=&#8220;Image&#8220; _builder_version=&#8220;3.0.89&#8243; max_width_tablet=&#8220;50%&#8220; max_width_last_edited=&#8220;on|desktop&#8220; animation_style=&#8220;slide&#8220; animation_direction=&#8220;left&#8220; animation_duration=&#8220;500ms&#8220; animation_intensity_slide=&#8220;10%&#8220;]\u00a0<br \/>\n[\/et_pb_image][\/et_pb_column_inner][et_pb_column_inner type=&#8220;1_2&#8243; saved_specialty_column_type=&#8220;2_3&#8243; _builder_version=&#8220;3.0.47&#8243; box_shadow_position=&#8220;outer&#8220; parallax=&#8220;off&#8220; parallax_method=&#8220;on&#8220;][et_pb_cta title=&#8220;Nachhaltigkeit&#8220; button_url=&#8220;https:\/\/klimacent.de\/index.php\/nachhaltigkeit\/&#8220; button_text=&#8220;mehr lesen&#8220; use_background_color=&#8220;off&#8220; background_layout=&#8220;light&#8220; admin_label=&#8220;Call To Action&#8220; _builder_version=&#8220;3.0.89&#8243; background_size=&#8220;initial&#8220; background_position=&#8220;top_left&#8220; background_repeat=&#8220;repeat&#8220; text_orientation=&#8220;left&#8220; custom_margin=&#8220;|||&#8220; custom_padding=&#8220;|||&#8220; button_alignment=&#8220;center&#8220;]Hier geht es zu den Grunds\u00e4tzen, nachhaltigem Tourismus und NH-Zielen im Projekt.<br \/>\n[\/et_pb_cta][\/et_pb_column_inner][\/et_pb_row_inner][et_pb_row_inner custom_padding=&#8220;29.6833px|0px|0px|0px&#8220; _builder_version=&#8220;3.0.53&#8243;][et_pb_column_inner type=&#8220;1_2&#8243; saved_specialty_column_type=&#8220;2_3&#8243; _builder_version=&#8220;3.0.47&#8243; box_shadow_position=&#8220;outer&#8220; parallax=&#8220;off&#8220; parallax_method=&#8220;on&#8220;][et_pb_cta title=&#8220;Modellregionen&#8220; button_url=&#8220;https:\/\/klimacent.de\/index.php\/modellregionen\/&#8220; button_text=&#8220;mehr lesen&#8220; use_background_color=&#8220;off&#8220; background_layout=&#8220;light&#8220; admin_label=&#8220;Call To Action&#8220; _builder_version=&#8220;3.0.98&#8243; background_size=&#8220;initial&#8220; background_position=&#8220;top_left&#8220; background_repeat=&#8220;repeat&#8220; border_radii=&#8220;on|0px|0px|0px|0px&#8220; border_color_all=&#8220;#7cda24&#8243; text_orientation=&#8220;left&#8220; custom_margin=&#8220;|||&#8220; custom_padding=&#8220;|||&#8220; button_alignment=&#8220;center&#8220;]Lausitzer Seenland, Juist, \u00dcbertragbarkeit<br \/>\n[\/et_pb_cta][\/et_pb_column_inner][et_pb_column_inner type=&#8220;1_2&#8243; saved_specialty_column_type=&#8220;2_3&#8243; _builder_version=&#8220;3.0.47&#8243; box_shadow_position=&#8220;outer&#8220; parallax=&#8220;off&#8220; parallax_method=&#8220;on&#8220;][et_pb_image src=&#8220;\/\/websites.fraunhofer.de\/klimacent\/wp-content\/uploads\/2017\/06\/nature-1283010_1920.jpg&#8220; admin_label=&#8220;Image&#8220; _builder_version=&#8220;3.0.89&#8243; max_width_tablet=&#8220;50%&#8220; max_width_last_edited=&#8220;on|desktop&#8220; animation_style=&#8220;slide&#8220; animation_direction=&#8220;left&#8220; animation_duration=&#8220;500ms&#8220; animation_intensity_slide=&#8220;10%&#8220;]\u00a0<br \/>\n[\/et_pb_image][\/et_pb_column_inner][\/et_pb_row_inner][et_pb_row_inner custom_padding=&#8220;29.6833px|0px|0px|0px&#8220; _builder_version=&#8220;3.0.53&#8243;][et_pb_column_inner type=&#8220;1_2&#8243; saved_specialty_column_type=&#8220;2_3&#8243; _builder_version=&#8220;3.0.47&#8243; box_shadow_position=&#8220;outer&#8220; parallax=&#8220;off&#8220; parallax_method=&#8220;on&#8220;][et_pb_image src=&#8220;\/\/websites.fraunhofer.de\/klimacent\/wp-content\/uploads\/2017\/06\/business-2042283_1920.jpg&#8220; admin_label=&#8220;Image&#8220; _builder_version=&#8220;3.0.89&#8243; max_width_tablet=&#8220;50%&#8220; max_width_last_edited=&#8220;on|desktop&#8220; animation_style=&#8220;slide&#8220; animation_direction=&#8220;left&#8220; animation_duration=&#8220;500ms&#8220; animation_intensity_slide=&#8220;10%&#8220;]\u00a0<br \/>\n[\/et_pb_image][\/et_pb_column_inner][et_pb_column_inner type=&#8220;1_2&#8243; saved_specialty_column_type=&#8220;2_3&#8243; _builder_version=&#8220;3.0.47&#8243; box_shadow_position=&#8220;outer&#8220; parallax=&#8220;off&#8220; parallax_method=&#8220;on&#8220;][et_pb_cta title=&#8220;Steuerungstool&#8220; button_url=&#8220;https:\/\/klimacent.de\/index.php\/steuerungstool\/&#8220; button_text=&#8220;mehr lesen&#8220; use_background_color=&#8220;off&#8220; background_layout=&#8220;light&#8220; admin_label=&#8220;Call To Action&#8220; _builder_version=&#8220;3.0.89&#8243; background_size=&#8220;initial&#8220; background_position=&#8220;top_left&#8220; background_repeat=&#8220;repeat&#8220; text_orientation=&#8220;left&#8220; custom_margin=&#8220;|||&#8220; custom_padding=&#8220;|||&#8220; button_alignment=&#8220;center&#8220;]Wie wird das Ergebnis aussehen? Hier kann man davon schon einen Eindruck erlangen.<br \/>\n[\/et_pb_cta][\/et_pb_column_inner][\/et_pb_row_inner][\/et_pb_column][et_pb_column type=&#8220;1_3&#8243; _builder_version=&#8220;3.0.47&#8243; parallax=&#8220;off&#8220; parallax_method=&#8220;on&#8220;][et_pb_text _builder_version=&#8220;3.0.53&#8243;]<\/p>\n<h1 style=\"text-align: center;\"><strong>AKTUELLES<\/strong><\/h1>\n<p>[\/et_pb_text][et_pb_blog fullwidth=&#8220;off&#8220; posts_number=&#8220;5&#8243; show_author=&#8220;off&#8220; show_categories=&#8220;off&#8220; offset_number=&#8220;0&#8243; disabled_on=&#8220;on|on|off&#8220; _builder_version=&#8220;3.0.98&#8243; background_color=&#8220;rgba(0,0,0,0.03)&#8220; max_width_phone=&#8220;100%&#8220; max_width_last_edited=&#8220;off|desktop&#8220;]\u00a0<br \/>\n[\/et_pb_blog][et_pb_blog posts_number=&#8220;3&#8243; show_author=&#8220;off&#8220; show_categories=&#8220;off&#8220; offset_number=&#8220;0&#8243; disabled_on=&#8220;off|off|on&#8220; _builder_version=&#8220;3.0.98&#8243; max_width_phone=&#8220;100%&#8220; max_width_last_edited=&#8220;off|desktop&#8220;]\u00a0<br \/>\n[\/et_pb_blog][\/et_pb_column][\/et_pb_section][et_pb_section fb_built=&#8220;1&#8243; background_color=&#8220;rgba(0,0,0,0.04)&#8220; admin_label=&#8220;Kontaktlink&#8220; _builder_version=&#8220;3.0.89&#8243; custom_padding=&#8220;30px|0px|0px|0px&#8220;][et_pb_row custom_padding=&#8220;0px|0px|49px|0px&#8220; _builder_version=&#8220;3.0.47&#8243; background_size=&#8220;initial&#8220; background_position=&#8220;top_left&#8220; background_repeat=&#8220;repeat&#8220;][et_pb_column type=&#8220;4_4&#8243; _builder_version=&#8220;3.0.47&#8243; parallax=&#8220;off&#8220; parallax_method=&#8220;on&#8220;][et_pb_cta title=&#8220;Sie interessieren sich f\u00fcr mehr Informationen zum Projekt?&#8220; button_url=&#8220;https:\/\/klimacent.de\/index.php\/kontakt\/&#8220; button_text=&#8220;Kontaktieren Sie uns&#8220; use_background_color=&#8220;off&#8220; background_layout=&#8220;light&#8220; admin_label=&#8220;Call To Action&#8220; _builder_version=&#8220;3.0.53&#8243; background_size=&#8220;initial&#8220; background_position=&#8220;top_left&#8220; background_repeat=&#8220;repeat&#8220;]\u00a0<br \/>\n[\/et_pb_cta][\/et_pb_column][\/et_pb_row][\/et_pb_section][et_pb_section fb_built=&#8220;1&#8243; admin_label=&#8220;Logos&#8220; _builder_version=&#8220;3.0.89&#8243; custom_padding=&#8220;20px|0px|0px|0px&#8220;][et_pb_row custom_padding=&#8220;0px|0px|20px|0px&#8220; disabled_on=&#8220;off|off|off&#8220; _builder_version=&#8220;3.0.53&#8243; background_size=&#8220;initial&#8220; background_position=&#8220;top_left&#8220; background_repeat=&#8220;repeat&#8220;][et_pb_column type=&#8220;1_4&#8243; _builder_version=&#8220;3.0.47&#8243; parallax=&#8220;off&#8220; parallax_method=&#8220;on&#8220;][et_pb_text disabled_on=&#8220;on|on|off&#8220; _builder_version=&#8220;3.0.89&#8243; max_width_tablet=&#8220;0%&#8220; max_width_phone=&#8220;0%&#8220; max_width_last_edited=&#8220;on|tablet&#8220;]\u00a0<br \/>\n[\/et_pb_text][et_pb_text _builder_version=&#8220;3.0.89&#8243;]&nbsp;<\/p>\n<p>&nbsp;<\/p>\n<p>&nbsp;<br \/>\n[\/et_pb_text][et_pb_image src=&#8220;\/\/websites.fraunhofer.de\/klimacent\/wp-content\/uploads\/2017\/06\/Logo_UMSICHT.jpg&#8220; admin_label=&#8220;Image&#8220; _builder_version=&#8220;3.0.89&#8243; max_width_tablet=&#8220;84%&#8220; max_width_phone=&#8220;34%&#8220; max_width_last_edited=&#8220;on|desktop&#8220; animation_style=&#8220;slide&#8220; animation_direction=&#8220;top&#8220; animation_duration=&#8220;500ms&#8220; animation_intensity_slide=&#8220;10%&#8220; animation=&#8220;top&#8220;]\u00a0<br \/>\n[\/et_pb_image][\/et_pb_column][et_pb_column type=&#8220;1_4&#8243; _builder_version=&#8220;3.0.47&#8243; parallax=&#8220;off&#8220; parallax_method=&#8220;on&#8220;][et_pb_image src=&#8220;https:\/\/klimacent.de\/wp-content\/uploads\/2017\/11\/nki_logo_quer_rgb_300dpi_neu.jpg&#8220; _builder_version=&#8220;3.0.89&#8243; max_width_tablet=&#8220;100%&#8220; max_width_phone=&#8220;35%&#8220; max_width_last_edited=&#8220;on|desktop&#8220; custom_margin=&#8220;30px|||&#8220;]\u00a0<br \/>\n[\/et_pb_image][et_pb_text disabled_on=&#8220;on|on|off&#8220; _builder_version=&#8220;3.0.89&#8243;]\u00a0<br \/>\n[\/et_pb_text][et_pb_image src=&#8220;\/\/websites.fraunhofer.de\/klimacent\/wp-content\/uploads\/2017\/06\/1Schriftzug_Juist-Toewerland_-_01.jpg&#8220; admin_label=&#8220;Image&#8220; _builder_version=&#8220;3.0.89&#8243; max_width_tablet=&#8220;62%&#8220; max_width_phone=&#8220;35%&#8220; max_width_last_edited=&#8220;on|phone&#8220; module_alignment=&#8220;center&#8220; custom_margin=&#8220;0px|30px|0px|30px&#8220; custom_margin_last_edited=&#8220;on|desktop&#8220; animation_style=&#8220;slide&#8220; animation_direction=&#8220;top&#8220; animation_duration=&#8220;500ms&#8220; animation_intensity_slide=&#8220;10%&#8220; animation=&#8220;top&#8220;]\u00a0<br \/>\n[\/et_pb_image][\/et_pb_column][et_pb_column type=&#8220;1_4&#8243; _builder_version=&#8220;3.0.47&#8243; parallax=&#8220;off&#8220; parallax_method=&#8220;on&#8220;][et_pb_image src=&#8220;https:\/\/klimacent.de\/wp-content\/uploads\/2018\/10\/Logo_Bundesministerium_f\u00fcr_Umwelt_Naturschutz_und_nukleare_Sicherheit.png&#8220; _builder_version=&#8220;3.0.98&#8243; max_width_phone=&#8220;40%&#8220; max_width_last_edited=&#8220;on|desktop&#8220; custom_margin=&#8220;30px|||&#8220;]\u00a0<br \/>\n[\/et_pb_image][et_pb_text _builder_version=&#8220;3.0.89&#8243;]\u00a0<br \/>\n[\/et_pb_text][et_pb_image src=&#8220;\/\/websites.fraunhofer.de\/klimacent\/wp-content\/uploads\/2017\/06\/myclimate_logo_rgb_200px.png&#8220; admin_label=&#8220;Image&#8220; _builder_version=&#8220;3.0.98&#8243; max_width_phone=&#8220;40%&#8220; max_width_last_edited=&#8220;on|desktop&#8220; animation_style=&#8220;slide&#8220; animation_direction=&#8220;top&#8220; animation_duration=&#8220;500ms&#8220; animation_intensity_slide=&#8220;10%&#8220; animation=&#8220;top&#8220; custom_padding=&#8220;0px|||&#8220;]\u00a0<br \/>\n[\/et_pb_image][\/et_pb_column][et_pb_column type=&#8220;1_4&#8243; _builder_version=&#8220;3.0.47&#8243; parallax=&#8220;off&#8220; parallax_method=&#8220;on&#8220;][et_pb_blurb disabled_on=&#8220;on|on|off&#8220; _builder_version=&#8220;3.0.89&#8243;]\u00a0<br \/>\n[\/et_pb_blurb][et_pb_blurb disabled_on=&#8220;on|on|off&#8220; _builder_version=&#8220;3.0.89&#8243;]\u00a0<br \/>\n[\/et_pb_blurb][et_pb_image src=&#8220;\/\/websites.fraunhofer.de\/klimacent\/wp-content\/uploads\/2017\/06\/BTULogoKompaktversiondeutschJPGCMYK.jpg&#8220; align=&#8220;center&#8220; admin_label=&#8220;Image&#8220; _builder_version=&#8220;3.0.89&#8243; max_width_tablet=&#8220;68%&#8220; max_width_phone=&#8220;34%&#8220; max_width_last_edited=&#8220;on|phone&#8220; module_alignment=&#8220;center&#8220; custom_margin=&#8220;|40px||40px&#8220; animation_style=&#8220;slide&#8220; animation_direction=&#8220;top&#8220; animation_duration=&#8220;500ms&#8220; animation_intensity_slide=&#8220;10%&#8220; animation=&#8220;top&#8220;]\u00a0<br \/>\n[\/et_pb_image][\/et_pb_column][\/et_pb_row][et_pb_row custom_padding=&#8220;0px|0px|0px|0px&#8220; _builder_version=&#8220;3.0.53&#8243;][et_pb_column type=&#8220;1_3&#8243; _builder_version=&#8220;3.0.47&#8243; parallax=&#8220;off&#8220; parallax_method=&#8220;on&#8220;][\/et_pb_column][et_pb_column type=&#8220;1_3&#8243; _builder_version=&#8220;3.0.47&#8243; parallax=&#8220;off&#8220; parallax_method=&#8220;on&#8220;][et_pb_text _builder_version=&#8220;3.0.89&#8243;]<\/p>\n<h4 style=\"text-align: center;\">Unterauftragnehmer:<\/h4>\n<p>[\/et_pb_text][\/et_pb_column][et_pb_column type=&#8220;1_3&#8243; _builder_version=&#8220;3.0.47&#8243; parallax=&#8220;off&#8220; parallax_method=&#8220;on&#8220;][\/et_pb_column][\/et_pb_row][et_pb_row custom_padding=&#8220;0px|0px|27px|0px&#8220; _builder_version=&#8220;3.0.53&#8243;][et_pb_column type=&#8220;1_4&#8243; _builder_version=&#8220;3.0.47&#8243; parallax=&#8220;off&#8220; parallax_method=&#8220;on&#8220;][\/et_pb_column][et_pb_column type=&#8220;1_4&#8243; _builder_version=&#8220;3.0.47&#8243; parallax=&#8220;off&#8220; parallax_method=&#8220;on&#8220;][et_pb_image src=&#8220;https:\/\/klimacent.de\/wp-content\/uploads\/2017\/11\/FUTOUR_LOGO_07_07_4C.jpg&#8220; align=&#8220;center&#8220; _builder_version=&#8220;3.0.89&#8243; max_width_tablet=&#8220;84%&#8220; max_width_phone=&#8220;35%&#8220; max_width_last_edited=&#8220;on|desktop&#8220; animation_style=&#8220;slide&#8220; animation_direction=&#8220;left&#8220; animation_duration=&#8220;500ms&#8220; animation_intensity_slide=&#8220;10%&#8220;]\u00a0<br \/>\n[\/et_pb_image][\/et_pb_column][et_pb_column type=&#8220;1_4&#8243; _builder_version=&#8220;3.0.47&#8243; parallax=&#8220;off&#8220; parallax_method=&#8220;on&#8220;][et_pb_image src=&#8220;https:\/\/klimacent.de\/wp-content\/uploads\/2017\/11\/CIST-Logo_Text.png&#8220; _builder_version=&#8220;3.0.89&#8243; max_width_tablet=&#8220;100%&#8220; max_width_phone=&#8220;37%&#8220; max_width_last_edited=&#8220;on|desktop&#8220; animation_style=&#8220;slide&#8220; animation_direction=&#8220;left&#8220; animation_duration=&#8220;500ms&#8220; animation_intensity_slide=&#8220;10%&#8220;]\u00a0<br \/>\n[\/et_pb_image][\/et_pb_column][et_pb_column type=&#8220;1_4&#8243; _builder_version=&#8220;3.0.47&#8243; parallax=&#8220;off&#8220; parallax_method=&#8220;on&#8220;][\/et_pb_column][\/et_pb_row][\/et_pb_section][et_pb_section fb_built=&#8220;1&#8243; background_color=&#8220;rgba(12,113,195,0.32)&#8220; admin_label=&#8220;Impressum&#8220; _builder_version=&#8220;3.0.89&#8243; custom_padding=&#8220;0px|0px|0px|0px&#8220;][et_pb_row custom_padding=&#8220;25px|0px|20px|0px&#8220; _builder_version=&#8220;3.0.89&#8243;][et_pb_column type=&#8220;1_4&#8243; _builder_version=&#8220;3.0.47&#8243; parallax=&#8220;off&#8220; parallax_method=&#8220;on&#8220;][et_pb_text _builder_version=&#8220;3.0.89&#8243;]<a title=\"Impressum\" href=\"https:\/\/klimacent.de\/index.php\/impressum\/\" target=\"_blank\" rel=\"noopener noreferrer\">Impressum<\/a><br \/>\n[\/et_pb_text][\/et_pb_column][et_pb_column type=&#8220;1_4&#8243; _builder_version=&#8220;3.0.47&#8243; parallax=&#8220;off&#8220; parallax_method=&#8220;on&#8220;][et_pb_text _builder_version=&#8220;3.0.89&#8243;]<a title=\"Datenschutzerkl\u00e4rung\" href=\"https:\/\/klimacent.de\/index.php\/datenschutzerklaerung\/\" target=\"_blank\" rel=\"noopener noreferrer\">Datenschutzerkl\u00e4rung<\/a><br \/>\n[\/et_pb_text][\/et_pb_column][et_pb_column type=&#8220;1_4&#8243; _builder_version=&#8220;3.0.47&#8243; parallax=&#8220;off&#8220; parallax_method=&#8220;on&#8220;][\/et_pb_column][et_pb_column type=&#8220;1_4&#8243; _builder_version=&#8220;3.0.47&#8243; parallax=&#8220;off&#8220; parallax_method=&#8220;on&#8220;][\/et_pb_column][\/et_pb_row][\/et_pb_section][et_pb_section fb_built=&#8220;1&#8243; _builder_version=&#8220;3.0.47&#8243;][et_pb_row _builder_version=&#8220;3.0.47&#8243; background_size=&#8220;initial&#8220; background_position=&#8220;top_left&#8220; background_repeat=&#8220;repeat&#8220;][\/et_pb_row][\/et_pb_section]<\/p>\n","protected":false},"excerpt":{"rendered":"<p>Etablierung eines branchenad\u00e4quaten Finanzierungsinstruments zur Erreichung von messbaren Treibhausgas\u00adreduzierungen in der nationalen Tourismusindustrie Etablierung eines branchenad\u00e4quaten Finanzierungsinstruments zur Erreichung von messbaren Treibhausgas\u00adreduzierungen in der nationalen Tourismusindustrie Etablierung eines branchenad\u00e4quaten Finanzierungsinstruments zur Erreichung von messbaren Treibhausgas\u00adreduzierungen in der nationalen Tourismusindustrie Die Herausforderung Es existieren bereits zahlreiche Bilanzierungs- und Kompensationsverfahren f\u00fcr Treibhausgase und mehrere teilweise konkurrierende Standards [&hellip;]<\/p>\n","protected":false},"author":1,"featured_media":0,"parent":0,"menu_order":0,"comment_status":"closed","ping_status":"closed","template":"","meta":{"_et_pb_use_builder":"on","_et_pb_old_content":"","_et_gb_content_width":"","footnotes":""},"class_list":["post-39","page","type-page","status-publish","hentry"],"_links":{"self":[{"href":"https:\/\/klimacent.de\/index.php\/wp-json\/wp\/v2\/pages\/39","targetHints":{"allow":["GET"]}}],"collection":[{"href":"https:\/\/klimacent.de\/index.php\/wp-json\/wp\/v2\/pages"}],"about":[{"href":"https:\/\/klimacent.de\/index.php\/wp-json\/wp\/v2\/types\/page"}],"author":[{"embeddable":true,"href":"https:\/\/klimacent.de\/index.php\/wp-json\/wp\/v2\/users\/1"}],"replies":[{"embeddable":true,"href":"https:\/\/klimacent.de\/index.php\/wp-json\/wp\/v2\/comments?post=39"}],"version-history":[{"count":100,"href":"https:\/\/klimacent.de\/index.php\/wp-json\/wp\/v2\/pages\/39\/revisions"}],"predecessor-version":[{"id":627,"href":"https:\/\/klimacent.de\/index.php\/wp-json\/wp\/v2\/pages\/39\/revisions\/627"}],"wp:attachment":[{"href":"https:\/\/klimacent.de\/index.php\/wp-json\/wp\/v2\/media?parent=39"}],"curies":[{"name":"wp","href":"https:\/\/api.w.org\/{rel}","templated":true}]}}