{"id":227,"date":"2017-06-30T16:29:02","date_gmt":"2017-06-30T14:29:02","guid":{"rendered":"https:\/\/websites.fraunhofer.de\/klimacent\/?page_id=227"},"modified":"2026-04-23T14:59:36","modified_gmt":"2026-04-23T12:59:36","slug":"impressum","status":"publish","type":"page","link":"https:\/\/klimacent.de\/index.php\/impressum\/","title":{"rendered":"Impressum"},"content":{"rendered":"<p>[et_pb_section fb_built=&#8220;1&#8243; _builder_version=&#8220;4.16&#8243; global_colors_info=&#8220;{}&#8220;][et_pb_row _builder_version=&#8220;4.16&#8243; background_size=&#8220;initial&#8220; background_position=&#8220;top_left&#8220; background_repeat=&#8220;repeat&#8220; global_colors_info=&#8220;{}&#8220;][et_pb_column type=&#8220;4_4&#8243; _builder_version=&#8220;4.16&#8243; custom_padding=&#8220;|||&#8220; global_colors_info=&#8220;{}&#8220; custom_padding__hover=&#8220;|||&#8220;][et_pb_text admin_label=&#8220;Text&#8220; _builder_version=&#8220;4.27.0&#8243; background_size=&#8220;initial&#8220; background_position=&#8220;top_left&#8220; background_repeat=&#8220;repeat&#8220; global_colors_info=&#8220;{}&#8220;]<\/p>\n<p><strong>Impressum<\/strong><\/p>\n<p>Das Fraunhofer-Institut f\u00fcr Umwelt-, Sicherheits- und Energietechnik UMSICHT<\/p>\n<p>Osterfelder Str. 3<br \/>46047 Oberhausen<br \/>Deutschland<br \/>Telefon +49 208 85980<\/p>\n<p>ist eine rechtlich nicht selbstst\u00e4ndige Einrichtung der<\/p>\n<p>Fraunhofer-Gesellschaft\u00a0zur F\u00f6rderung der angewandten Forschung e.V.<br \/>Hansastra\u00dfe 27c,\u00a080686 M\u00fcnchen<br \/>Telefon +49 89 1205- 0<br \/>Fax +49 89 1205-7531<br \/>E-Mail: info(at)zv.fraunhofer.de<\/p>\n<p><a href=\"https:\/\/www.fraunhofer.de\/\">www.fraunhofer.de<\/a><\/p>\n<p><strong>Umsatzsteuer-Identifikationsnummer gem\u00e4\u00df \u00a7 27a Umsatzsteuergesetz<\/strong><\/p>\n<p>DE 129515865<\/p>\n<p><strong>Registergericht<\/strong><\/p>\n<p>Amtsgericht M\u00fcnchen<br \/>Eingetragener Verein<br \/>Register-Nr. VR 4461<\/p>\n<p><strong>Redaktionsverantwortlich im Sinne des Presserechts<\/strong><\/p>\n<p>Simone Krause<\/p>\n<p><strong>Vorstand<\/strong><\/p>\n<p>Prof. Dr.-Ing. Holger Hanselka<br \/>Pr\u00e4sident | Vorstandsressort Unternehmensstrategie und -kommunikation<\/p>\n<p>Prof. Dr. Constantin H\u00e4fner<br \/>Vorstandsressort VA Forschung und Transfer<\/p>\n<p>Prof. Dr. Axel M\u00fcller-Groeling<br \/>Vorstandsressort VB Forschungsinfrastrukturen und Digitalisierung<\/p>\n<p>Elisabeth Ewen<br \/>Vorstandsressort VC Personal, Unternehmenskultur und Recht<\/p>\n<p>Dr. Sandra Krey<br \/>Vorstandsressort VD Finanzen und Controlling<\/p>\n<p><strong>Nutzungsrechte<\/strong><\/p>\n<p>Copyright \u00a9 by<br \/>Fraunhofer-Gesellschaft<\/p>\n<p>Alle Rechte vorbehalten.<br \/>Die Urheberrechte dieser Web-Site liegen vollst\u00e4ndig bei der Fraunhofer-Gesellschaft.<\/p>\n<p>Ein Download oder Ausdruck dieser Ver\u00f6ffentlichungen ist ausschlie\u00dflich f\u00fcr den pers\u00f6nlichen Gebrauch gestattet. Alle dar\u00fcber hinaus gehenden Verwendungen, insbesondere die kommerzielle Nutzung und Verbreitung, sind grunds\u00e4tzlich nicht gestattet und bed\u00fcrfen der schriftlichen Genehmigung.<\/p>\n<p>Anfragen richten Sie bitte an:<br \/>Fraunhofer-Institut f\u00fcr Umwelt-, Sicherheits- und Energietechnik<\/p>\n<p>Osterfelder Str. 3<br \/>46047 Oberhausen<br \/>Deutschland<br \/>Telefon +49 208 85980<\/p>\n<p>Ein Download oder Ausdruck ist dar\u00fcber hinaus lediglich zum Zweck der Berichterstattung \u00fcber die Fraunhofer-Gesellschaft und Ihre Institute nach Ma\u00dfgabe unten stehender Nutzungsbedingungen gestattet.<\/p>\n<p>Grafische Ver\u00e4nderungen an Bildmotiven &#8211; au\u00dfer zum Freistellen des Hauptmotivs &#8211; sind nicht gestattet. Es ist stets die Quellenangabe und \u00dcbersendung von zwei kostenlosen Belegexemplaren an die oben genannte Adresse erforderlich. Die Verwendung ist honorarfrei.<\/p>\n<p><strong>Haftungshinweis<\/strong><\/p>\n<p>Wir \u00fcbernehmen keine Haftung f\u00fcr die Inhalte externer Links. F\u00fcr den Inhalt der verlinkten Seiten sind ausschlie\u00dflich deren Betreiber verantwortlich.<\/p>\n<p>Wir sind bem\u00fcht, das Webangebot stets aktuell und inhaltlich richtig sowie vollst\u00e4ndig anzubieten. Dennoch ist das Auftreten von Fehlern nicht v\u00f6llig auszuschlie\u00dfen. Das Fraunhofer-Institut bzw. die Fraunhofer-Gesellschaft \u00fcbernimmt keine Haftung f\u00fcr die Aktualit\u00e4t, die inhaltliche Richtigkeit sowie f\u00fcr die Vollst\u00e4ndigkeit der in ihrem Webangebot eingestellten Informationen. Dies bezieht sich auf eventuelle Sch\u00e4den materieller oder ideeller Art Dritter, die durch die Nutzung dieses Webangebotes verursacht wurden.<\/p>\n<p>Gesch\u00fctzte Marken und Namen, Bilder und Texte werden auf unseren Seiten in der Regel nicht als solche kenntlich gemacht. Das Fehlen einer solchen Kennzeichnung bedeutet jedoch nicht, dass es sich um einen freien Namen, ein freies Bild oder einen freien Text im Sinne des Markenzeichenrechts handelt.<\/p>\n<p>&nbsp;<\/p>\n<div class=\"entry-content\"><\/div>\n<p>[\/et_pb_text][\/et_pb_column][\/et_pb_row][\/et_pb_section]<\/p>\n","protected":false},"excerpt":{"rendered":"<p>Impressum Das Fraunhofer-Institut f\u00fcr Umwelt-, Sicherheits- und Energietechnik UMSICHT Osterfelder Str. 346047 OberhausenDeutschlandTelefon +49 208 85980 ist eine rechtlich nicht selbstst\u00e4ndige Einrichtung der Fraunhofer-Gesellschaft\u00a0zur F\u00f6rderung der angewandten Forschung e.V.Hansastra\u00dfe 27c,\u00a080686 M\u00fcnchenTelefon +49 89 1205- 0Fax +49 89 1205-7531E-Mail: info(at)zv.fraunhofer.de www.fraunhofer.de Umsatzsteuer-Identifikationsnummer gem\u00e4\u00df \u00a7 27a Umsatzsteuergesetz DE 129515865 Registergericht Amtsgericht M\u00fcnchenEingetragener VereinRegister-Nr. VR 4461 Redaktionsverantwortlich im [&hellip;]<\/p>\n","protected":false},"author":2,"featured_media":0,"parent":0,"menu_order":0,"comment_status":"closed","ping_status":"closed","template":"","meta":{"_et_pb_use_builder":"on","_et_pb_old_content":"<p class=\"entry-title main_title\"><strong>Das Fraunhofer-Institut f\u00fcr Umwelt-, Sicherheits- und<\/strong>\n<strong>Energietechnik UMSICHT<\/strong>\n<strong> Osterfelder Str. 3<\/strong>\n<strong> 46047 Oberhausen<\/strong>\n<strong> Telefon 0208 8598-0<\/strong><\/p>\n\n<div class=\"entry-content\">\n\nist eine rechtlich nicht selbst\u00e4ndige Einrichtung der\n\nFraunhofer-Gesellschaft\nzur F\u00f6rderung der angewandten Forschung e.V.\nHansastra\u00dfe 27 c\n80686 M\u00fcnchen\nwww.fraunhofer.de\n\nUmsatzsteuer-Identifikationsnummer gem\u00e4\u00df \u00a7 27 a\nUmsatzsteuergesetz: DE 129515865\n\n<strong>Registergericht<\/strong>\nAmtsgericht M\u00fcnchen\nEingetragener Verein\nRegister-Nr. VR 4461\n\n<strong>Verantwortlicher Redakteur:<\/strong>\nSimone Krause\nsimone.krause(at)umsicht.fraunhofer.de\n\n<strong>Vorstand<\/strong>\n\nProf. Dr.-Ing. Reimund Neugebauer | Pr\u00e4sident\nProf. Dr. Alexander Kurz | Mitglied des Vorstands\nProf. Dr. Axel M\u00fcller-Groeling | Mitglied des Vorstands\nAss. jur. Elisabeth Ewen | Mitglied des Vorstands\nDr. Sandra Krey | Mitglied des Vorstands\n\n<strong>Nutzungsrechte<\/strong>\n\nCopyright \u00a9 by\nFraunhofer-Gesellschaft\n\nAlle Rechte vorbehalten.\nDie Urheberrechte dieser Webseite liegen vollst\u00e4ndig bei der Fraunhofer-Gesellschaft.\n\nEin Download oder Ausdruck dieser Ver\u00f6ffentlichungen ist ausschlie\u00dflich f\u00fcr den pers\u00f6nlichen Gebrauch gestattet. Alle dar\u00fcber hinaus gehenden Verwendungen, insbesondere die kommerzielle Nutzung und Verbreitung, sind grunds\u00e4tzlich nicht gestattet und bed\u00fcrfen der schriftlichen Genehmigung. Anfragen richten Sie bitte an folgende Adresse:\n\nFraunhofer-Institut f\u00fcr Umwelt-, Sicherheits- und\nEnergietechnik UMSICHT\nOsterfelder Str. 3\n46047 Oberhausen\n\nEin Download oder Ausdruck ist dar\u00fcber hinaus lediglich zum Zweck der Berichterstattung \u00fcber die Fraunhofer-Gesellschaft und Ihrer Institute nach Ma\u00dfgabe untenstehender Nutzungsbedingungen gestattet:\n\nGrafische Ver\u00e4nderungen an Bildmotiven \u2013 au\u00dfer zum Freistellen des Hauptmotivs \u2013 sind nicht gestattet. Es ist stets die Quellenangabe und \u00dcbersendung von zwei kostenlosen Belegexemplaren an die oben genannte Adresse erforderlich. Die Verwendung ist honorarfrei.\n\n<strong>Haftungshinweis:<\/strong>\n\nWir \u00fcbernehmen keine Haftung f\u00fcr die Inhalte externer Links. F\u00fcr den Inhalt der verlinkten Seiten sind ausschlie\u00dflich deren Betreiber verantwortlich.\n\nWir sind bem\u00fcht, das Webangebot stets aktuell und inhaltlich richtig sowie vollst\u00e4ndig anzubieten. Dennoch ist das Auftreten von Fehlern nicht v\u00f6llig auszuschlie\u00dfen. Das Fraunhofer-Institut bzw. die Fraunhofer-Gesellschaft \u00fcbernimmt keine Haftung f\u00fcr die Aktualit\u00e4t, die inhaltliche Richtigkeit sowie f\u00fcr die Vollst\u00e4ndigkeit der in ihrem Webangebot eingestellten Informationen. Dies bezieht sich auf eventuelle Sch\u00e4den materieller oder ideeller Art Dritter, die durch die Nutzung dieses Webangebotes verursacht wurden.\n\nGesch\u00fctzte Marken und Namen, Bilder und Texte werden auf unseren Seiten in der Regel nicht als solche kenntlich gemacht. Das Fehlen einer solchen Kennzeichnung bedeutet jedoch nicht, dass es sich um einen freien Namen, ein freies Bild oder einen freien Text im Sinne des Markenzeichenrechts handelt.\n\n<\/div>","_et_gb_content_width":"","footnotes":""},"class_list":["post-227","page","type-page","status-publish","hentry"],"_links":{"self":[{"href":"https:\/\/klimacent.de\/index.php\/wp-json\/wp\/v2\/pages\/227","targetHints":{"allow":["GET"]}}],"collection":[{"href":"https:\/\/klimacent.de\/index.php\/wp-json\/wp\/v2\/pages"}],"about":[{"href":"https:\/\/klimacent.de\/index.php\/wp-json\/wp\/v2\/types\/page"}],"author":[{"embeddable":true,"href":"https:\/\/klimacent.de\/index.php\/wp-json\/wp\/v2\/users\/2"}],"replies":[{"embeddable":true,"href":"https:\/\/klimacent.de\/index.php\/wp-json\/wp\/v2\/comments?post=227"}],"version-history":[{"count":14,"href":"https:\/\/klimacent.de\/index.php\/wp-json\/wp\/v2\/pages\/227\/revisions"}],"predecessor-version":[{"id":709,"href":"https:\/\/klimacent.de\/index.php\/wp-json\/wp\/v2\/pages\/227\/revisions\/709"}],"wp:attachment":[{"href":"https:\/\/klimacent.de\/index.php\/wp-json\/wp\/v2\/media?parent=227"}],"curies":[{"name":"wp","href":"https:\/\/api.w.org\/{rel}","templated":true}]}}